{"id":7,"date":"2020-06-23T20:15:52","date_gmt":"2020-06-23T20:15:52","guid":{"rendered":"https:\/\/www.wissenschaftsforum.nrw\/?page_id=7"},"modified":"2024-03-11T21:06:51","modified_gmt":"2024-03-11T21:06:51","slug":"ueber-uns","status":"publish","type":"page","link":"https:\/\/www.wissenschaftsforum.nrw\/?page_id=7","title":{"rendered":"\u00dcber uns"},"content":{"rendered":"\r\n<table>\r\n<tbody>\r\n<tr>\r\n<td width=\"351\">\r\n<p>Immer dann, wenn es um die Stellung Deutschlands in der Welt geht und die wirtschaftliche Zukunft unseres Landes diskutiert wird, wird auch die Bedeutung von Bildung und Forschung in einem rohstoffarmen Land hervorgehoben. Die \u201eWissensgesellschaft\u201c ist daher in aller Munde, aber viel zu wenig werden die Akteure der Wissenschaft nach ihrem Beitrag und ihrer Rolle gefragt. Und noch viel zu selten melden sich diese in der politischen \u00d6ffentlichkeit zu Wort oder haben Gelegenheit, sich zu Wort zu melden.<\/p>\r\n<p><strong><em>Wir bieten ein Forum f\u00fcr den Dialog zwischen <\/em><\/strong><strong><em>Wissenschaft und Politik<\/em><\/strong><\/p>\r\n<p>Der Bologna-Prozess mit der unendlichen Diskussion \u00fcber die Sinnhaftigkeit des Bachelor-Studiums, die Rolle von Fachhochschulen und au\u00dferuniversit\u00e4ren Forschungseinrichtungen im Wissenschaftssystem, Hochschulfinanzierung und Kooperationsverbot und die Wirkung von Frauen in der Wissenschaft stehen auf der Tagesordnung nicht nur in Nordrhein-Westfalen, sondern auch im Bund und auf internationaler Ebene.<\/p>\r\n<p>Doch merkw\u00fcrdigerweise findet die Debatte dar\u00fcber \u00fcberwiegend nur zwischen den Repr\u00e4sentanten der Wissenschaftseinrichtungen und wenigen Politikern statt. Wissenschaftlerinnen und Wissenschaftler vor Ort haben zu selten eine Plattform, von der aus sie sich unmittelbar einbringen und einmischen k\u00f6nnen.<\/p>\r\n<p><strong><em>Wir schaffen eine M\u00f6glichkeit <\/em><\/strong><strong><em>zur Mitgestaltung<\/em><\/strong><\/p>\r\n<p>Das Wissenschaftsforum im Rheinland ist kein Parteigremium. Es \u00f6ffnet vielmehr einen Raum f\u00fcr gesellschaftspolitische Diskussionen \u00fcber Hochschulen, Wissenschaft, Lehre und Forschung. Das Forum bietet dabei die Gelegenheit, mit Funktions- und Mandatstr\u00e4gerinnen und -tr\u00e4gern der SPD in Kontakt zu treten und gibt dar\u00fcber hinaus die M\u00f6glichkeit, in einem Netzwerk von politischen Akteuren und interessierten B\u00fcrgern Ideen, L\u00f6sungsans\u00e4tze, Kritik und Handlungsempfehlungen auszutauschen. Das Forum legt in seiner Arbeit Wert darauf, eine unabh\u00e4ngige Position gegen\u00fcber der SPD einzunehmen. Jedoch zeichnet es sich dennoch durch ein sozialdemokratisches Grundverst\u00e4ndnis aus.<\/p>\r\n<p>Wir wollen, dass nicht mehr l\u00e4nger \u00fcberwiegend \u00fcber Wissenschaft gesprochen und entschieden wird, sondern ein offener Dialog zwischen Wissenschaft und Politik stattfindet.<\/p>\r\n<p><em><strong>Mitgliedschaft<\/strong><\/em><\/p>\r\n<p>Wir freuen uns immer \u00fcber neue Mitglieder! Der Mitgliedsbeitrag betr\u00e4gt 50\u20ac im Jahr, f\u00fcr Studierende erm\u00e4\u00dfigt sich dieser auf 15\u20ac. Bei unterj\u00e4hrigem Eintritt erm\u00e4\u00dfigt sich der Beitrag quartalsweise Die Mitgliedschaft muss schriftlich beantragt werden, ein Formular finden Sie in diesem <a href=\"https:\/\/www.wissenschaftsforum.nrw\/wp-content\/uploads\/2020\/08\/wir_flyer2020_ausfuellbar.pdf\">Flyer<\/a>.<\/p>\r\n<p><em><strong>Satzung<\/strong><\/em><\/p>\r\n<p>Die Satzung des Vereins finden Sie <a href=\"https:\/\/www.wissenschaftsforum.nrw\/wp-content\/uploads\/2023\/01\/2021-10-02_SatzungNeu.pdf\">hier<\/a>.<\/p>\r\n<\/td>\r\n<\/tr>\r\n<\/tbody>\r\n<\/table>\r\n","protected":false},"excerpt":{"rendered":"<p>Immer dann, wenn es um die Stellung Deutschlands in der Welt geht und die wirtschaftliche Zukunft unseres Landes diskutiert wird, wird auch die Bedeutung von Bildung und Forschung in einem rohstoffarmen Land hervorgehoben. Die \u201eWissensgesellschaft\u201c ist daher in aller Munde, aber viel zu wenig werden die Akteure der Wissenschaft nach ihrem Beitrag und ihrer Rolle [&hellip;]<\/p>\n","protected":false},"author":1,"featured_media":0,"parent":0,"menu_order":0,"comment_status":"closed","ping_status":"closed","template":"","meta":{"footnotes":""},"class_list":["post-7","page","type-page","status-publish","hentry"],"_links":{"self":[{"href":"https:\/\/www.wissenschaftsforum.nrw\/index.php?rest_route=\/wp\/v2\/pages\/7","targetHints":{"allow":["GET"]}}],"collection":[{"href":"https:\/\/www.wissenschaftsforum.nrw\/index.php?rest_route=\/wp\/v2\/pages"}],"about":[{"href":"https:\/\/www.wissenschaftsforum.nrw\/index.php?rest_route=\/wp\/v2\/types\/page"}],"author":[{"embeddable":true,"href":"https:\/\/www.wissenschaftsforum.nrw\/index.php?rest_route=\/wp\/v2\/users\/1"}],"replies":[{"embeddable":true,"href":"https:\/\/www.wissenschaftsforum.nrw\/index.php?rest_route=%2Fwp%2Fv2%2Fcomments&post=7"}],"version-history":[{"count":6,"href":"https:\/\/www.wissenschaftsforum.nrw\/index.php?rest_route=\/wp\/v2\/pages\/7\/revisions"}],"predecessor-version":[{"id":97,"href":"https:\/\/www.wissenschaftsforum.nrw\/index.php?rest_route=\/wp\/v2\/pages\/7\/revisions\/97"}],"wp:attachment":[{"href":"https:\/\/www.wissenschaftsforum.nrw\/index.php?rest_route=%2Fwp%2Fv2%2Fmedia&parent=7"}],"curies":[{"name":"wp","href":"https:\/\/api.w.org\/{rel}","templated":true}]}}